{"id":1840,"date":"2020-09-03T15:06:14","date_gmt":"2020-09-03T14:06:14","guid":{"rendered":"https:\/\/pchg.pt\/?page_id=1840"},"modified":"2021-03-19T16:19:39","modified_gmt":"2021-03-19T16:19:39","slug":"actividade","status":"publish","type":"page","link":"https:\/\/pchg.pt\/fr\/activite\/","title":{"rendered":"ACTIVITE"},"content":{"rendered":"<p><a href=\"https:\/\/pchg.pt\/fr\"><br \/>\n\t\t\t\t\t\t\t<img loading=\"lazy\" decoding=\"async\" width=\"300\" height=\"158\" src=\"https:\/\/pchg.pt\/wp-content\/uploads\/2020\/08\/PCHG-Logo-nuevo.png\" alt=\"\" loading=\"lazy\" \/>\t\t\t\t\t\t\t\t<\/a><\/p>\n<p>ACTIVIT\u00c9<\/p>\n<p>D\u00e8s son d\u00e9but, PCHG parach\u00e8ve sa vocation d\u2019entreprise de construction en incluant d\u2019autres activit\u00e9s connexes. Compte tenu de son exp\u00e9rience dans la gestion et construction de projets \u00ab clef en main \u00bb, PCHG, si n\u00e9cessaire, identifie et analyse aussi les opportunit\u00e9s d\u2019affaires sur le march\u00e9 immobilier, con\u00e7oit les projets, effectue les d\u00e9marches de fa\u00e7on \u00e0 obtenir les permis n\u00e9cessaires, et construit les immeubles inh\u00e9rents aux projets. Le cas \u00e9ch\u00e9ant, PCHG proc\u00e8de \u00e0 la promotion et \u00e0 la commercialisation y compris l\u2019\u00e9laboration de la documentation l\u00e9gale requise, des registres officiels. PCHG finalement peut g\u00e9rer et administrer les immeubles ou les fractions autonomes.<\/p>\n<p>PCHG dispose de partenaires sp\u00e9cialis\u00e9s dans tous les domaines de son activit\u00e9, particuli\u00e8rement dans les sp\u00e9cialit\u00e9s juridiques, commerciales et techniques.<\/p>\n\t\t<div data-elementor-type=\"wp-post\" data-elementor-id=\"1571\" class=\"elementor elementor-1571\" data-elementor-post-type=\"elementor-hf\">\n\t\t\t\t\t\t<section class=\"elementor-section elementor-top-section elementor-element elementor-element-810b28d elementor-section-boxed elementor-section-height-default elementor-section-height-default\" data-id=\"810b28d\" data-element_type=\"section\" data-e-type=\"section\" data-settings=\"{&quot;ekit_has_onepagescroll_dot&quot;:&quot;yes&quot;}\">\n\t\t\t\t\t\t<div class=\"elementor-container elementor-column-gap-default\">\n\t\t\t\t\t<div class=\"elementor-column elementor-col-100 elementor-top-column elementor-element elementor-element-269c280\" data-id=\"269c280\" data-element_type=\"column\" data-e-type=\"column\">\n\t\t\t<div class=\"elementor-widget-wrap elementor-element-populated\">\n\t\t\t\t\t\t<section class=\"elementor-section elementor-inner-section elementor-element elementor-element-cf1432d elementor-section-full_width elementor-section-height-default elementor-section-height-default\" data-id=\"cf1432d\" data-element_type=\"section\" data-e-type=\"section\" data-settings=\"{&quot;ekit_has_onepagescroll_dot&quot;:&quot;yes&quot;}\">\n\t\t\t\t\t\t<div class=\"elementor-container elementor-column-gap-no\">\n\t\t\t\t\t<div class=\"elementor-column elementor-col-25 elementor-inner-column elementor-element elementor-element-8b44d0c\" data-id=\"8b44d0c\" data-element_type=\"column\" data-e-type=\"column\">\n\t\t\t<div class=\"elementor-widget-wrap elementor-element-populated\">\n\t\t\t\t\t\t<div class=\"elementor-element elementor-element-7209615 elementor-widget elementor-widget-text-editor\" data-id=\"7209615\" data-element_type=\"widget\" data-e-type=\"widget\" data-widget_type=\"text-editor.default\">\n\t\t\t\t<div class=\"elementor-widget-container\">\n\t\t\t\t\t\t\t\t\t<p><b>PCHG Constru\u00e7\u00f5es, S. A.<\/b><\/p>\t\t\t\t\t\t\t\t<\/div>\n\t\t\t\t<\/div>\n\t\t\t\t\t<\/div>\n\t\t<\/div>\n\t\t\t\t<div class=\"elementor-column elementor-col-25 elementor-inner-column elementor-element elementor-element-875a5e0\" data-id=\"875a5e0\" data-element_type=\"column\" data-e-type=\"column\">\n\t\t\t<div class=\"elementor-widget-wrap elementor-element-populated\">\n\t\t\t\t\t\t<div class=\"elementor-element elementor-element-617b208 elementor-widget elementor-widget-text-editor\" data-id=\"617b208\" data-element_type=\"widget\" data-e-type=\"widget\" data-widget_type=\"text-editor.default\">\n\t\t\t\t<div class=\"elementor-widget-container\">\n\t\t\t\t\t\t\t\t\t<p>NIPC&nbsp;<b>510 048 706<\/b><br>Alvar\u00e1&nbsp;<b>68815<\/b><\/p>\t\t\t\t\t\t\t\t<\/div>\n\t\t\t\t<\/div>\n\t\t\t\t\t<\/div>\n\t\t<\/div>\n\t\t\t\t<div class=\"elementor-column elementor-col-25 elementor-inner-column elementor-element elementor-element-92d9ba1\" data-id=\"92d9ba1\" data-element_type=\"column\" data-e-type=\"column\">\n\t\t\t<div class=\"elementor-widget-wrap elementor-element-populated\">\n\t\t\t\t\t\t<div class=\"elementor-element elementor-element-33a9e3c elementor-widget elementor-widget-text-editor\" data-id=\"33a9e3c\" data-element_type=\"widget\" data-e-type=\"widget\" data-widget_type=\"text-editor.default\">\n\t\t\t\t<div class=\"elementor-widget-container\">\n\t\t\t\t\t\t\t\t\t<p><span style=\"letter-spacing: -0.27px; text-align: center;\">Av. Defensores de Chaves 18A<\/span><br style=\"letter-spacing: -0.27px; text-align: center;\" \/><span style=\"letter-spacing: -0.27px; text-align: center;\">1000-117 Lisboa<\/span><\/p>\t\t\t\t\t\t\t\t<\/div>\n\t\t\t\t<\/div>\n\t\t\t\t\t<\/div>\n\t\t<\/div>\n\t\t\t\t<div class=\"elementor-column elementor-col-25 elementor-inner-column elementor-element elementor-element-125902a\" data-id=\"125902a\" data-element_type=\"column\" data-e-type=\"column\">\n\t\t\t<div class=\"elementor-widget-wrap elementor-element-populated\">\n\t\t\t\t\t\t<div class=\"elementor-element elementor-element-f171969 elementor-widget elementor-widget-text-editor\" data-id=\"f171969\" data-element_type=\"widget\" data-e-type=\"widget\" data-widget_type=\"text-editor.default\">\n\t\t\t\t<div class=\"elementor-widget-container\">\n\t\t\t\t\t\t\t\t\t<p><span style=\"letter-spacing: -0.27px; text-align: center;\">Tel.\u00a0<\/span><span style=\"letter-spacing: -0.27px; text-align: center;\"><b>+351 218 409 242<\/b><br \/><\/span><span style=\"letter-spacing: -0.27px; text-align: center;\">email\u00a0<\/span><span style=\"letter-spacing: -0.27px; text-align: center;\"><a href=\"mailto:geral@pchg.pt\"><b>geral@pchg.pt<\/b><\/a><\/span><\/p>\t\t\t\t\t\t\t\t<\/div>\n\t\t\t\t<\/div>\n\t\t\t\t\t<\/div>\n\t\t<\/div>\n\t\t\t\t\t<\/div>\n\t\t<\/section>\n\t\t\t\t\t<\/div>\n\t\t<\/div>\n\t\t\t\t\t<\/div>\n\t\t<\/section>\n\t\t\t\t<\/div>\n\t\t\n","protected":false},"excerpt":{"rendered":"<p>ACTIVIT\u00c9 D\u00e8s son d\u00e9but, PCHG parach\u00e8ve sa vocation d\u2019entreprise de construction en incluant d\u2019autres activit\u00e9s connexes. Compte tenu de son exp\u00e9rience dans la gestion et construction de projets \u00ab clef en main \u00bb, PCHG, si n\u00e9cessaire, identifie et analyse aussi les opportunit\u00e9s d\u2019affaires sur le march\u00e9 immobilier, con\u00e7oit les projets, effectue les d\u00e9marches de fa\u00e7on [&hellip;]<\/p>\n","protected":false},"author":82204371,"featured_media":0,"parent":0,"menu_order":0,"comment_status":"closed","ping_status":"closed","template":"elementor_canvas","meta":{"_coblocks_attr":"","_coblocks_dimensions":"","_coblocks_responsive_height":"","_coblocks_accordion_ie_support":"","_crdt_document":"","_starter_page_template":"","_wpcom_template_layout_category":[],"footnotes":""},"class_list":["post-1840","page","type-page","status-publish","hentry"],"translation":{"provider":"WPGlobus","version":"3.0.2","language":"fr","enabled_languages":["pt","en","es","fr"],"languages":{"pt":{"title":true,"content":true,"excerpt":false},"en":{"title":true,"content":true,"excerpt":false},"es":{"title":true,"content":true,"excerpt":false},"fr":{"title":true,"content":true,"excerpt":false}}},"_links":{"self":[{"href":"https:\/\/pchg.pt\/fr\/wp-json\/wp\/v2\/pages\/1840","targetHints":{"allow":["GET"]}}],"collection":[{"href":"https:\/\/pchg.pt\/fr\/wp-json\/wp\/v2\/pages"}],"about":[{"href":"https:\/\/pchg.pt\/fr\/wp-json\/wp\/v2\/types\/page"}],"author":[{"embeddable":true,"href":"https:\/\/pchg.pt\/fr\/wp-json\/wp\/v2\/users\/82204371"}],"replies":[{"embeddable":true,"href":"https:\/\/pchg.pt\/fr\/wp-json\/wp\/v2\/comments?post=1840"}],"version-history":[{"count":68,"href":"https:\/\/pchg.pt\/fr\/wp-json\/wp\/v2\/pages\/1840\/revisions"}],"predecessor-version":[{"id":2394,"href":"https:\/\/pchg.pt\/fr\/wp-json\/wp\/v2\/pages\/1840\/revisions\/2394"}],"wp:attachment":[{"href":"https:\/\/pchg.pt\/fr\/wp-json\/wp\/v2\/media?parent=1840"}],"curies":[{"name":"wp","href":"https:\/\/api.w.org\/{rel}","templated":true}]}}