{"id":1834,"date":"2020-09-03T15:01:21","date_gmt":"2020-09-03T14:01:21","guid":{"rendered":"https:\/\/pchg.pt\/?page_id=1834"},"modified":"2021-03-19T16:15:27","modified_gmt":"2021-03-19T16:15:27","slug":"quem-somos","status":"publish","type":"page","link":"https:\/\/pchg.pt\/fr\/nous\/","title":{"rendered":"NOUS"},"content":{"rendered":"<p><a href=\"https:\/\/pchg.pt\/fr\"><br \/>\n\t\t\t\t\t\t\t<img loading=\"lazy\" decoding=\"async\" width=\"300\" height=\"158\" src=\"https:\/\/pchg.pt\/wp-content\/uploads\/2020\/08\/PCHG-Logo-nuevo.png\" alt=\"\" loading=\"lazy\" \/>\t\t\t\t\t\t\t\t<\/a><\/p>\n<p>NOUS<\/p>\n<p>En 2011, la crise financi\u00e8re cause l\u2019arr\u00eat ou la mise en veilleuse de nombreux projets immobiliers. Dans ce contexte plusieurs promoteurs connus sur le march\u00e9 nous approchent pour nous demander notre intervention, appui et soutien de fa\u00e7on a achever leurs projets qui se trouvent encore en chantier. Apr\u00e8s nous \u00eatre mis d\u2019accord sur les termes, la soci\u00e9t\u00e9 PCHG Constru\u00e7\u00f5es, S. A. est constitu\u00e9e, et termine les projets en question ainsi que d\u2019autres qui entretemps lui sont attribu\u00e9s.<\/p>\n<p>Actuellement, PCHG se positionne en tant qu\u2019une entreprise de construction \u00ab clef en main \u00bb de projets r\u00e9sidentiels, commerciaux, industriels et de travaux publics, particuli\u00e8rement dans la r\u00e9gion de Lisbonne et de la vall\u00e9e du Tage. PCHG offre \u00e0 ses clients une excellente relation qualit\u00e9 \/ prix, tout en maintenant des standards exigeants quant aux sp\u00e9cifications et \u00e0 la s\u00e9curit\u00e9. Elle d\u00e9tient un remarquable portfolio de clients pleinement satisfaits qui, t\u00e9moignent de l\u2019expertise, de la qualit\u00e9 et de la fiabilit\u00e9 de l\u2019entreprise, surtout en relation avec le plus grand respect des contrats et de leurs temps d\u2019ex\u00e9cution.<\/p>\n\t\t<div data-elementor-type=\"wp-post\" data-elementor-id=\"1571\" class=\"elementor elementor-1571\" data-elementor-post-type=\"elementor-hf\">\n\t\t\t\t\t\t<section class=\"elementor-section elementor-top-section elementor-element elementor-element-810b28d elementor-section-boxed elementor-section-height-default elementor-section-height-default\" data-id=\"810b28d\" data-element_type=\"section\" data-e-type=\"section\" data-settings=\"{&quot;ekit_has_onepagescroll_dot&quot;:&quot;yes&quot;}\">\n\t\t\t\t\t\t<div class=\"elementor-container elementor-column-gap-default\">\n\t\t\t\t\t<div class=\"elementor-column elementor-col-100 elementor-top-column elementor-element elementor-element-269c280\" data-id=\"269c280\" data-element_type=\"column\" data-e-type=\"column\">\n\t\t\t<div class=\"elementor-widget-wrap elementor-element-populated\">\n\t\t\t\t\t\t<section class=\"elementor-section elementor-inner-section elementor-element elementor-element-cf1432d elementor-section-full_width elementor-section-height-default elementor-section-height-default\" data-id=\"cf1432d\" data-element_type=\"section\" data-e-type=\"section\" data-settings=\"{&quot;ekit_has_onepagescroll_dot&quot;:&quot;yes&quot;}\">\n\t\t\t\t\t\t<div class=\"elementor-container elementor-column-gap-no\">\n\t\t\t\t\t<div class=\"elementor-column elementor-col-25 elementor-inner-column elementor-element elementor-element-8b44d0c\" data-id=\"8b44d0c\" data-element_type=\"column\" data-e-type=\"column\">\n\t\t\t<div class=\"elementor-widget-wrap elementor-element-populated\">\n\t\t\t\t\t\t<div class=\"elementor-element elementor-element-7209615 elementor-widget elementor-widget-text-editor\" data-id=\"7209615\" data-element_type=\"widget\" data-e-type=\"widget\" data-widget_type=\"text-editor.default\">\n\t\t\t\t<div class=\"elementor-widget-container\">\n\t\t\t\t\t\t\t\t\t<p><b>PCHG Constru\u00e7\u00f5es, S. A.<\/b><\/p>\t\t\t\t\t\t\t\t<\/div>\n\t\t\t\t<\/div>\n\t\t\t\t\t<\/div>\n\t\t<\/div>\n\t\t\t\t<div class=\"elementor-column elementor-col-25 elementor-inner-column elementor-element elementor-element-875a5e0\" data-id=\"875a5e0\" data-element_type=\"column\" data-e-type=\"column\">\n\t\t\t<div class=\"elementor-widget-wrap elementor-element-populated\">\n\t\t\t\t\t\t<div class=\"elementor-element elementor-element-617b208 elementor-widget elementor-widget-text-editor\" data-id=\"617b208\" data-element_type=\"widget\" data-e-type=\"widget\" data-widget_type=\"text-editor.default\">\n\t\t\t\t<div class=\"elementor-widget-container\">\n\t\t\t\t\t\t\t\t\t<p>NIPC&nbsp;<b>510 048 706<\/b><br>Alvar\u00e1&nbsp;<b>68815<\/b><\/p>\t\t\t\t\t\t\t\t<\/div>\n\t\t\t\t<\/div>\n\t\t\t\t\t<\/div>\n\t\t<\/div>\n\t\t\t\t<div class=\"elementor-column elementor-col-25 elementor-inner-column elementor-element elementor-element-92d9ba1\" data-id=\"92d9ba1\" data-element_type=\"column\" data-e-type=\"column\">\n\t\t\t<div class=\"elementor-widget-wrap elementor-element-populated\">\n\t\t\t\t\t\t<div class=\"elementor-element elementor-element-33a9e3c elementor-widget elementor-widget-text-editor\" data-id=\"33a9e3c\" data-element_type=\"widget\" data-e-type=\"widget\" data-widget_type=\"text-editor.default\">\n\t\t\t\t<div class=\"elementor-widget-container\">\n\t\t\t\t\t\t\t\t\t<p><span style=\"letter-spacing: -0.27px; text-align: center;\">Av. Defensores de Chaves 18A<\/span><br style=\"letter-spacing: -0.27px; text-align: center;\" \/><span style=\"letter-spacing: -0.27px; text-align: center;\">1000-117 Lisboa<\/span><\/p>\t\t\t\t\t\t\t\t<\/div>\n\t\t\t\t<\/div>\n\t\t\t\t\t<\/div>\n\t\t<\/div>\n\t\t\t\t<div class=\"elementor-column elementor-col-25 elementor-inner-column elementor-element elementor-element-125902a\" data-id=\"125902a\" data-element_type=\"column\" data-e-type=\"column\">\n\t\t\t<div class=\"elementor-widget-wrap elementor-element-populated\">\n\t\t\t\t\t\t<div class=\"elementor-element elementor-element-f171969 elementor-widget elementor-widget-text-editor\" data-id=\"f171969\" data-element_type=\"widget\" data-e-type=\"widget\" data-widget_type=\"text-editor.default\">\n\t\t\t\t<div class=\"elementor-widget-container\">\n\t\t\t\t\t\t\t\t\t<p><span style=\"letter-spacing: -0.27px; text-align: center;\">Tel.\u00a0<\/span><span style=\"letter-spacing: -0.27px; text-align: center;\"><b>+351 218 409 242<\/b><br \/><\/span><span style=\"letter-spacing: -0.27px; text-align: center;\">email\u00a0<\/span><span style=\"letter-spacing: -0.27px; text-align: center;\"><a href=\"mailto:geral@pchg.pt\"><b>geral@pchg.pt<\/b><\/a><\/span><\/p>\t\t\t\t\t\t\t\t<\/div>\n\t\t\t\t<\/div>\n\t\t\t\t\t<\/div>\n\t\t<\/div>\n\t\t\t\t\t<\/div>\n\t\t<\/section>\n\t\t\t\t\t<\/div>\n\t\t<\/div>\n\t\t\t\t\t<\/div>\n\t\t<\/section>\n\t\t\t\t<\/div>\n\t\t\n","protected":false},"excerpt":{"rendered":"<p>NOUS En 2011, la crise financi\u00e8re cause l\u2019arr\u00eat ou la mise en veilleuse de nombreux projets immobiliers. Dans ce contexte plusieurs promoteurs connus sur le march\u00e9 nous approchent pour nous demander notre intervention, appui et soutien de fa\u00e7on a achever leurs projets qui se trouvent encore en chantier. Apr\u00e8s nous \u00eatre mis d\u2019accord sur les [&hellip;]<\/p>\n","protected":false},"author":82204371,"featured_media":0,"parent":0,"menu_order":0,"comment_status":"closed","ping_status":"closed","template":"elementor_canvas","meta":{"_coblocks_attr":"","_coblocks_dimensions":"","_coblocks_responsive_height":"","_coblocks_accordion_ie_support":"","_crdt_document":"","_starter_page_template":"","_wpcom_template_layout_category":[],"footnotes":""},"class_list":["post-1834","page","type-page","status-publish","hentry"],"translation":{"provider":"WPGlobus","version":"3.0.2","language":"fr","enabled_languages":["pt","en","es","fr"],"languages":{"pt":{"title":true,"content":true,"excerpt":false},"en":{"title":true,"content":true,"excerpt":false},"es":{"title":true,"content":true,"excerpt":false},"fr":{"title":true,"content":true,"excerpt":false}}},"_links":{"self":[{"href":"https:\/\/pchg.pt\/fr\/wp-json\/wp\/v2\/pages\/1834","targetHints":{"allow":["GET"]}}],"collection":[{"href":"https:\/\/pchg.pt\/fr\/wp-json\/wp\/v2\/pages"}],"about":[{"href":"https:\/\/pchg.pt\/fr\/wp-json\/wp\/v2\/types\/page"}],"author":[{"embeddable":true,"href":"https:\/\/pchg.pt\/fr\/wp-json\/wp\/v2\/users\/82204371"}],"replies":[{"embeddable":true,"href":"https:\/\/pchg.pt\/fr\/wp-json\/wp\/v2\/comments?post=1834"}],"version-history":[{"count":86,"href":"https:\/\/pchg.pt\/fr\/wp-json\/wp\/v2\/pages\/1834\/revisions"}],"predecessor-version":[{"id":2382,"href":"https:\/\/pchg.pt\/fr\/wp-json\/wp\/v2\/pages\/1834\/revisions\/2382"}],"wp:attachment":[{"href":"https:\/\/pchg.pt\/fr\/wp-json\/wp\/v2\/media?parent=1834"}],"curies":[{"name":"wp","href":"https:\/\/api.w.org\/{rel}","templated":true}]}}