{"id":1834,"date":"2020-09-03T15:01:21","date_gmt":"2020-09-03T14:01:21","guid":{"rendered":"https:\/\/pchg.pt\/?page_id=1834"},"modified":"2021-03-19T16:15:27","modified_gmt":"2021-03-19T16:15:27","slug":"quem-somos","status":"publish","type":"page","link":"https:\/\/pchg.pt\/es\/quienes-somos\/","title":{"rendered":"QUIENES SOMOS"},"content":{"rendered":"<p><a href=\"https:\/\/pchg.pt\/es\"><br \/>\n\t\t\t\t\t\t\t<img loading=\"lazy\" decoding=\"async\" width=\"300\" height=\"158\" src=\"https:\/\/pchg.pt\/wp-content\/uploads\/2020\/08\/PCHG-Logo-nuevo.png\" alt=\"\" loading=\"lazy\" \/>\t\t\t\t\t\t\t\t<\/a><\/p>\n<p>QUIENES SOMOS<\/p>\n<p>Corr\u00eda el a\u00f1o de 2011, en plena crisis, con muchos proyectos interrumpidos\u00a0 o en v\u00edas de serlo a consecuencia de la crisis financiera. En ese contexto, varios promotores conocidos pidieron apoyo para poder concluir sus proyectos. Aceptamos esos retos y los llevamos a cabo exitosamente. As\u00ed se constituye PCHG Constru\u00e7\u00f5es, S. A., que,\u00a0 a partir del \u00e9xito inicial, obtiene nuevas contrataciones que sustentan el crecimiento logrado desde entonces.<\/p>\n<p>Actualmente, PCHG se posiciona como una empresa de construcci\u00f3n residencial, comercial, industrial, de obras p\u00fablicas y de proyectos \u201cllave en mano\u201d, particularmente implantada en la regi\u00f3n de Lisboa y enfocada hacia la calidad y el cumplimiento de los cuadernos de encargo y de seguridad integral, proporcionando a sus clientes la mejor atenci\u00f3n y relaci\u00f3n precio \/ calidad. En el tiempo, PCHG ha acumulado una amplia cartera de clientes totalmente satisfechos, quienes dan fe de las capacidades, calidad y confiabilidad integral de la empresa en el respeto de los contratos y de los tiempos de entrega.<\/p>\n\t\t<div data-elementor-type=\"wp-post\" data-elementor-id=\"1571\" class=\"elementor elementor-1571\" data-elementor-post-type=\"elementor-hf\">\n\t\t\t\t\t\t<section class=\"elementor-section elementor-top-section elementor-element elementor-element-810b28d elementor-section-boxed elementor-section-height-default elementor-section-height-default\" data-id=\"810b28d\" data-element_type=\"section\" data-e-type=\"section\" data-settings=\"{&quot;ekit_has_onepagescroll_dot&quot;:&quot;yes&quot;}\">\n\t\t\t\t\t\t<div class=\"elementor-container elementor-column-gap-default\">\n\t\t\t\t\t<div class=\"elementor-column elementor-col-100 elementor-top-column elementor-element elementor-element-269c280\" data-id=\"269c280\" data-element_type=\"column\" data-e-type=\"column\">\n\t\t\t<div class=\"elementor-widget-wrap elementor-element-populated\">\n\t\t\t\t\t\t<section class=\"elementor-section elementor-inner-section elementor-element elementor-element-cf1432d elementor-section-full_width elementor-section-height-default elementor-section-height-default\" data-id=\"cf1432d\" data-element_type=\"section\" data-e-type=\"section\" data-settings=\"{&quot;ekit_has_onepagescroll_dot&quot;:&quot;yes&quot;}\">\n\t\t\t\t\t\t<div class=\"elementor-container elementor-column-gap-no\">\n\t\t\t\t\t<div class=\"elementor-column elementor-col-25 elementor-inner-column elementor-element elementor-element-8b44d0c\" data-id=\"8b44d0c\" data-element_type=\"column\" data-e-type=\"column\">\n\t\t\t<div class=\"elementor-widget-wrap elementor-element-populated\">\n\t\t\t\t\t\t<div class=\"elementor-element elementor-element-7209615 elementor-widget elementor-widget-text-editor\" data-id=\"7209615\" data-element_type=\"widget\" data-e-type=\"widget\" data-widget_type=\"text-editor.default\">\n\t\t\t\t<div class=\"elementor-widget-container\">\n\t\t\t\t\t\t\t\t\t<p><b>PCHG Constru\u00e7\u00f5es, S. A.<\/b><\/p>\t\t\t\t\t\t\t\t<\/div>\n\t\t\t\t<\/div>\n\t\t\t\t\t<\/div>\n\t\t<\/div>\n\t\t\t\t<div class=\"elementor-column elementor-col-25 elementor-inner-column elementor-element elementor-element-875a5e0\" data-id=\"875a5e0\" data-element_type=\"column\" data-e-type=\"column\">\n\t\t\t<div class=\"elementor-widget-wrap elementor-element-populated\">\n\t\t\t\t\t\t<div class=\"elementor-element elementor-element-617b208 elementor-widget elementor-widget-text-editor\" data-id=\"617b208\" data-element_type=\"widget\" data-e-type=\"widget\" data-widget_type=\"text-editor.default\">\n\t\t\t\t<div class=\"elementor-widget-container\">\n\t\t\t\t\t\t\t\t\t<p>NIPC&nbsp;<b>510 048 706<\/b><br>Alvar\u00e1&nbsp;<b>68815<\/b><\/p>\t\t\t\t\t\t\t\t<\/div>\n\t\t\t\t<\/div>\n\t\t\t\t\t<\/div>\n\t\t<\/div>\n\t\t\t\t<div class=\"elementor-column elementor-col-25 elementor-inner-column elementor-element elementor-element-92d9ba1\" data-id=\"92d9ba1\" data-element_type=\"column\" data-e-type=\"column\">\n\t\t\t<div class=\"elementor-widget-wrap elementor-element-populated\">\n\t\t\t\t\t\t<div class=\"elementor-element elementor-element-33a9e3c elementor-widget elementor-widget-text-editor\" data-id=\"33a9e3c\" data-element_type=\"widget\" data-e-type=\"widget\" data-widget_type=\"text-editor.default\">\n\t\t\t\t<div class=\"elementor-widget-container\">\n\t\t\t\t\t\t\t\t\t<p><span style=\"letter-spacing: -0.27px; text-align: center;\">Av. Defensores de Chaves 18A<\/span><br style=\"letter-spacing: -0.27px; text-align: center;\" \/><span style=\"letter-spacing: -0.27px; text-align: center;\">1000-117 Lisboa<\/span><\/p>\t\t\t\t\t\t\t\t<\/div>\n\t\t\t\t<\/div>\n\t\t\t\t\t<\/div>\n\t\t<\/div>\n\t\t\t\t<div class=\"elementor-column elementor-col-25 elementor-inner-column elementor-element elementor-element-125902a\" data-id=\"125902a\" data-element_type=\"column\" data-e-type=\"column\">\n\t\t\t<div class=\"elementor-widget-wrap elementor-element-populated\">\n\t\t\t\t\t\t<div class=\"elementor-element elementor-element-f171969 elementor-widget elementor-widget-text-editor\" data-id=\"f171969\" data-element_type=\"widget\" data-e-type=\"widget\" data-widget_type=\"text-editor.default\">\n\t\t\t\t<div class=\"elementor-widget-container\">\n\t\t\t\t\t\t\t\t\t<p><span style=\"letter-spacing: -0.27px; text-align: center;\">Tel.\u00a0<\/span><span style=\"letter-spacing: -0.27px; text-align: center;\"><b>+351 218 409 242<\/b><br \/><\/span><span style=\"letter-spacing: -0.27px; text-align: center;\">email\u00a0<\/span><span style=\"letter-spacing: -0.27px; text-align: center;\"><a href=\"mailto:geral@pchg.pt\"><b>geral@pchg.pt<\/b><\/a><\/span><\/p>\t\t\t\t\t\t\t\t<\/div>\n\t\t\t\t<\/div>\n\t\t\t\t\t<\/div>\n\t\t<\/div>\n\t\t\t\t\t<\/div>\n\t\t<\/section>\n\t\t\t\t\t<\/div>\n\t\t<\/div>\n\t\t\t\t\t<\/div>\n\t\t<\/section>\n\t\t\t\t<\/div>\n\t\t\n","protected":false},"excerpt":{"rendered":"<p>QUIENES SOMOS Corr\u00eda el a\u00f1o de 2011, en plena crisis, con muchos proyectos interrumpidos\u00a0 o en v\u00edas de serlo a consecuencia de la crisis financiera. En ese contexto, varios promotores conocidos pidieron apoyo para poder concluir sus proyectos. Aceptamos esos retos y los llevamos a cabo exitosamente. As\u00ed se constituye PCHG Constru\u00e7\u00f5es, S. A., que,\u00a0 [&hellip;]<\/p>\n","protected":false},"author":82204371,"featured_media":0,"parent":0,"menu_order":0,"comment_status":"closed","ping_status":"closed","template":"elementor_canvas","meta":{"_coblocks_attr":"","_coblocks_dimensions":"","_coblocks_responsive_height":"","_coblocks_accordion_ie_support":"","_crdt_document":"","_starter_page_template":"","_wpcom_template_layout_category":[],"footnotes":""},"class_list":["post-1834","page","type-page","status-publish","hentry"],"translation":{"provider":"WPGlobus","version":"3.0.2","language":"es","enabled_languages":["pt","en","es","fr"],"languages":{"pt":{"title":true,"content":true,"excerpt":false},"en":{"title":true,"content":true,"excerpt":false},"es":{"title":true,"content":true,"excerpt":false},"fr":{"title":true,"content":true,"excerpt":false}}},"_links":{"self":[{"href":"https:\/\/pchg.pt\/es\/wp-json\/wp\/v2\/pages\/1834","targetHints":{"allow":["GET"]}}],"collection":[{"href":"https:\/\/pchg.pt\/es\/wp-json\/wp\/v2\/pages"}],"about":[{"href":"https:\/\/pchg.pt\/es\/wp-json\/wp\/v2\/types\/page"}],"author":[{"embeddable":true,"href":"https:\/\/pchg.pt\/es\/wp-json\/wp\/v2\/users\/82204371"}],"replies":[{"embeddable":true,"href":"https:\/\/pchg.pt\/es\/wp-json\/wp\/v2\/comments?post=1834"}],"version-history":[{"count":86,"href":"https:\/\/pchg.pt\/es\/wp-json\/wp\/v2\/pages\/1834\/revisions"}],"predecessor-version":[{"id":2382,"href":"https:\/\/pchg.pt\/es\/wp-json\/wp\/v2\/pages\/1834\/revisions\/2382"}],"wp:attachment":[{"href":"https:\/\/pchg.pt\/es\/wp-json\/wp\/v2\/media?parent=1834"}],"curies":[{"name":"wp","href":"https:\/\/api.w.org\/{rel}","templated":true}]}}