{"id":1844,"date":"2020-09-03T15:08:49","date_gmt":"2020-09-03T14:08:49","guid":{"rendered":"https:\/\/pchg.pt\/?page_id=1844"},"modified":"2021-09-23T12:16:12","modified_gmt":"2021-09-23T11:16:12","slug":"projectos","status":"publish","type":"page","link":"https:\/\/pchg.pt\/en\/projects\/","title":{"rendered":"PROJECTS"},"content":{"rendered":"<p><a href=\"https:\/\/pchg.pt\/\"><br \/>\n\t\t\t\t\t\t\t<img loading=\"lazy\" decoding=\"async\" width=\"300\" height=\"158\" src=\"https:\/\/pchg.pt\/wp-content\/uploads\/2020\/08\/PCHG-Logo-nuevo.png\" alt=\"\" loading=\"lazy\" srcset=\"https:\/\/pchg.pt\/wp-content\/uploads\/2020\/08\/PCHG-Logo-nuevo.png 300w, https:\/\/pchg.pt\/wp-content\/uploads\/2020\/08\/PCHG-Logo-nuevo-150x79.png 150w\" sizes=\"auto, (max-width: 300px) 100vw, 300px\" \/>\t\t\t\t\t\t\t\t<\/a><\/p>\n<p>PROJECTS<\/p>\n<p>We showcase a selection of our ongoing and completed projects for the public and private sector.<\/p>\n<p>\t\t\t\t\t\t\t\t\t\t\t\t<img decoding=\"async\" src=\"https:\/\/pchg.pt\/wp-content\/uploads\/elementor\/thumbs\/Olivais_sm-pdfqfy7flkeywxyytwvz5p2s5zpjyitx72obpagv7k.jpg\" title=\"Olivais_sm\" alt=\"Olivais_sm\" \/>\t\t\t\t\t\t\t\t\t\t\t\t\t\t<\/p>\n<p>Comprehensive remodeling<\/p>\n<p>Pra\u00e7a da Viscondessa dos Olivais<\/p>\n<p>Ongoing<\/p>\n<p>\t\t\t\t\t\t\t\t\t\t\t\t<img decoding=\"async\" src=\"https:\/\/pchg.pt\/wp-content\/uploads\/elementor\/thumbs\/Queluz_sm-pdfqg2wmjqleizs52gx405w34x2e10ckvpxr3o9wcg.jpg\" title=\"Queluz_sm\" alt=\"Queluz_sm\" \/>\t\t\t\t\t\t\t\t\t\t\t\t\t\t<\/p>\n<p>New residential building<\/p>\n<p>Queluz<\/p>\n<p>Ongoing<\/p>\n<p>\t\t\t\t\t\t\t\t\t\t\t\t<img decoding=\"async\" src=\"https:\/\/pchg.pt\/wp-content\/uploads\/elementor\/thumbs\/Marvila_sm-pdfqfqoq2w4oc29w1tmylqz3ewqm8y02i1gfv2s0lc.jpg\" title=\"Marvila_sm\" alt=\"Marvila_sm\" \/>\t\t\t\t\t\t\t\t\t\t\t\t\t\t<\/p>\n<p>Comprehensive remodeling<\/p>\n<p>Rua de Marvila 54<\/p>\n<p>Lisbon, 2020<\/p>\n<p>Exterior infrastructure and temporary facilities location, Navy pier<\/p>\n<p>Doca do Espanhol<\/p>\n<p>Lisbon, 2020<\/p>\n<p>Muro das Namoradeiras reconstruction and remodeling<\/p>\n<p>Pra\u00e7a do Com\u00e9rcio<\/p>\n<p>Lisbon, 2019-2020<\/p>\n<p>Building construction and comprehensive remodeling<\/p>\n<p>Rua Jo\u00e3o de Outeiro 46-48<\/p>\n<p>Lisbon, 2019-2020<\/p>\n<p>\t\t\t\t\t\t\t\t\t\t\t\t<img decoding=\"async\" src=\"https:\/\/pchg.pt\/wp-content\/uploads\/elementor\/thumbs\/quiosque-belem-dia-ov3a0zy4t43ac2hh7eln0xrc8d017ivvj7l0kph5og.jpg\" title=\"quiosque-belem-dia\" alt=\"quiosque-belem-dia\" \/>\t\t\t\t\t\t\t\t\t\t\t\t\t\t<\/p>\n<p>Bar &#8211; restaurant construction<\/p>\n<p>Doca de Bel\u00e9m<\/p>\n<p>Lisbon, 2019<\/p>\n<p>Demolitions for future Judaic Museum venue<\/p>\n<p>Lisbon, 2019<\/p>\n<p>\t\t\t\t\t\t\t\t\t\t\t\t<img decoding=\"async\" src=\"https:\/\/pchg.pt\/wp-content\/uploads\/elementor\/thumbs\/DSC_0114_A_low-ox08i8we0xusjynyk96h1f387pcl5dlvnx7goqstts.jpg\" title=\"DSC_0114_A_low\" alt=\"DSC_0114_A_low\" \/>\t\t\t\t\t\t\t\t\t\t\t\t\t\t<\/p>\n<p>Internal demolitions<\/p>\n<p>Av. da Rep\u00fablica 17<\/p>\n<p>Lisbon, 2019<\/p>\n<p>\t\t\t\t\t\t\t\t\t\t\t\t<img decoding=\"async\" src=\"https:\/\/pchg.pt\/wp-content\/uploads\/elementor\/thumbs\/DSC_0010_low-ox08i0fubfj7nh08xnitwz82v8ia83oamrc3d95dds.jpg\" title=\"DSC_0010_low\" alt=\"DSC_0010_low\" \/>\t\t\t\t\t\t\t\t\t\t\t\t\t\t<\/p>\n<p>Preliminary demolitions and archeological survey<\/p>\n<p>Pal\u00e1cio Nacional da Ajuda<\/p>\n<p>Lisbon, 2017<\/p>\n<p>Comprehensive remodeling<\/p>\n<p>Rua Alves Gouveia 3 e 5<\/p>\n<p>Lisboa, 2016-2017<\/p>\n<p>Comprehensive tourism stand requalification<\/p>\n<p>Set\u00fabal, 2015<\/p>\n<p>\t\t\t\t\t\t\t\t\t\t\t\t<img decoding=\"async\" src=\"https:\/\/pchg.pt\/wp-content\/uploads\/elementor\/thumbs\/20200905_155705-ov3cf7p7o2438h93ro7qq6jdqo21835k1xqb8dn6yo.jpg\" title=\"20200905_155705\" alt=\"20200905_155705\" \/>\t\t\t\t\t\t\t\t\t\t\t\t\t\t<\/p>\n<p>Partial remodeling in 3 apartments<\/p>\n<p>Rua Ant\u00f3nio Maria Cardoso 20<\/p>\n<p>Lisboa, 2014-2015<\/p>\n<p>\t\t\t\t\t\t\t\t\t\t\t\t<img decoding=\"async\" src=\"https:\/\/pchg.pt\/wp-content\/uploads\/elementor\/thumbs\/PdV-pano-1024x768-2-ov3cg0u7jx7z8e2s1it6dh6o5m2eupd8hxyd3yfzls.jpg\" title=\"PdV-pano-1024&#215;768-2\" alt=\"PdV-pano-1024x768-2\" \/>\t\t\t\t\t\t\t\t\t\t\t\t\t\t<\/p>\n<p>Comprehensive remodeling and construction<\/p>\n<p>Av. Praia da Vit\u00f3ria 16<\/p>\n<p>Lisboa, 2011-2013<\/p>\n<p>Rural tourism unit construction at Silveiras<\/p>\n<p>Montemor-o-Novo, 2014<\/p>\n<p>Roofing requalification<\/p>\n<p>Pa\u00e7os do Conselho<\/p>\n<p>Lisboa, 2014<\/p>\n<p>\t\t\t\t\t\t\t\t\t\t\t\t<img decoding=\"async\" src=\"https:\/\/pchg.pt\/wp-content\/uploads\/elementor\/thumbs\/DSC9863-ov3cfpk59wsjd2j5vdxnjk150zm0ac4gge4jcmwpog.jpg\" title=\"DSC9863\" alt=\"DSC9863\" \/>\t\t\t\t\t\t\t\t\t\t\t\t\t\t<\/p>\n<p>New construction and remodeling<\/p>\n<p>Pal\u00e1cio Mesquitela<\/p>\n<p>Largo Ant\u00f3nio De Sousa Macedo 1<\/p>\n<p>Lisboa, 2011-2012<\/p>\n<p>\t\t\t\t\t\t\t\t\t\t\t\t<img decoding=\"async\" src=\"https:\/\/pchg.pt\/wp-content\/uploads\/elementor\/thumbs\/Almirante-Reis-258-capa-ov3cfnogw8pypulw6d4eeki7u7v9uxwzs4tke2zi0w.jpg\" title=\"Almirante-Reis-258-capa\" alt=\"Almirante-Reis-258-capa\" \/>\t\t\t\t\t\t\t\t\t\t\t\t\t\t<\/p>\n<p>Comprehensive remodeling<\/p>\n<p>Av. Almirante Reis 258<\/p>\n<p>\t\t\t\t\t\t\t\t\t\t\t\t<img decoding=\"async\" src=\"https:\/\/pchg.pt\/wp-content\/uploads\/elementor\/thumbs\/santo-antonio-a-graca-ov3emvisvl5x6rjflluhjkuq59ewkmem084qflj1mo.png\" title=\"santo-antonio-a-graca\" alt=\"santo-antonio-a-graca\" \/>\t\t\t\t\t\t\t\t\t\t\t\t\t\t<\/p>\n<p>Comprehensive remodeling<\/p>\n<p>Travessa de Santo Ant\u00f3nio \u00e0 Gra\u00e7a 4<\/p>\n<p>\t\t\t\t\t\t\t\t\t\t\t\t<img decoding=\"async\" src=\"https:\/\/pchg.pt\/wp-content\/uploads\/elementor\/thumbs\/Almirante-Reis-248-6-ov3cflssikne2momhcb59kzang4jfjpj3vilfj2adc.jpg\" title=\"Almirante-Reis-248-6\" alt=\"Almirante-Reis-248-6\" \/>\t\t\t\t\t\t\t\t\t\t\t\t\t\t<\/p>\n<p>Comprehensive remodeling<\/p>\n<p>Av. Almirante Reis 248<\/p>\n<p>\t\t\t\t\t\t\t\t\t\t\t\t<img decoding=\"async\" src=\"https:\/\/pchg.pt\/wp-content\/uploads\/elementor\/thumbs\/Almirante-Reis-215-capa-ov3cfh3lkegygkvg8sa0f45zoirpd26vf89615998g.jpg\" title=\"Almirante-Reis-215-capa\" alt=\"Almirante-Reis-215-capa\" \/>\t\t\t\t\t\t\t\t\t\t\t\t\t\t<\/p>\n<p>Comprehensive remodeling<\/p>\n<p>Av. Almirante Reis 215<\/p>\n<p>\t\t\t\t\t\t\t\t\t\t\t\t<img decoding=\"async\" src=\"https:\/\/pchg.pt\/wp-content\/uploads\/elementor\/thumbs\/marques-de-sa-bandeira-4-ov3cfsdnuewebwf2ex5j91bit583xffngs2zsgsj5s.jpg\" title=\"marques-de-sa-bandeira-4\" alt=\"marques-de-sa-bandeira-4\" \/>\t\t\t\t\t\t\t\t\t\t\t\t\t\t<\/p>\n<p>Comprehensive remodeling<\/p>\n<p>Av. Marqu\u00eas de S\u00e1 da Bandeira 44<\/p>\n<p>\t\t\t\t\t\t\t\t\t\t\t\t<img decoding=\"async\" src=\"https:\/\/pchg.pt\/wp-content\/uploads\/elementor\/thumbs\/barbadinhos-interior-1-ov3amm8hzxopd72yyr0qdhd03efy8wpmi7r1xtf6kg.jpg\" title=\"barbadinhos-interior\" alt=\"barbadinhos-interior\" \/>\t\t\t\t\t\t\t\t\t\t\t\t\t\t<\/p>\n<p>Comprehensive remodeling<\/p>\n<p>Convento dos Barbadinhos<\/p>\n<p>\t\t\t\t\t\t\t\t\t\t\t\t<img decoding=\"async\" src=\"https:\/\/pchg.pt\/wp-content\/uploads\/elementor\/thumbs\/Almirante-Reis-29-6-ov3cfdc8t2bt650wuqni5545aza8i9ry2pn841etxc.jpg\" title=\"Almirante-Reis-29-6\" alt=\"Almirante-Reis-29-6\" \/>\t\t\t\t\t\t\t\t\t\t\t\t\t\t<\/p>\n<p>Comprehensive remodeling<\/p>\n<p>Av. Almirante Reis 29<\/p>\n\t\t<div data-elementor-type=\"wp-post\" data-elementor-id=\"1571\" class=\"elementor elementor-1571\" data-elementor-post-type=\"elementor-hf\">\n\t\t\t\t\t\t<section class=\"elementor-section elementor-top-section elementor-element elementor-element-810b28d elementor-section-boxed elementor-section-height-default elementor-section-height-default\" data-id=\"810b28d\" data-element_type=\"section\" data-e-type=\"section\" data-settings=\"{&quot;ekit_has_onepagescroll_dot&quot;:&quot;yes&quot;}\">\n\t\t\t\t\t\t<div class=\"elementor-container elementor-column-gap-default\">\n\t\t\t\t\t<div class=\"elementor-column elementor-col-100 elementor-top-column elementor-element elementor-element-269c280\" data-id=\"269c280\" data-element_type=\"column\" data-e-type=\"column\">\n\t\t\t<div class=\"elementor-widget-wrap elementor-element-populated\">\n\t\t\t\t\t\t<section class=\"elementor-section elementor-inner-section elementor-element elementor-element-cf1432d elementor-section-full_width elementor-section-height-default elementor-section-height-default\" data-id=\"cf1432d\" data-element_type=\"section\" data-e-type=\"section\" data-settings=\"{&quot;ekit_has_onepagescroll_dot&quot;:&quot;yes&quot;}\">\n\t\t\t\t\t\t<div class=\"elementor-container elementor-column-gap-no\">\n\t\t\t\t\t<div class=\"elementor-column elementor-col-25 elementor-inner-column elementor-element elementor-element-8b44d0c\" data-id=\"8b44d0c\" data-element_type=\"column\" data-e-type=\"column\">\n\t\t\t<div class=\"elementor-widget-wrap elementor-element-populated\">\n\t\t\t\t\t\t<div class=\"elementor-element elementor-element-7209615 elementor-widget elementor-widget-text-editor\" data-id=\"7209615\" data-element_type=\"widget\" data-e-type=\"widget\" data-widget_type=\"text-editor.default\">\n\t\t\t\t<div class=\"elementor-widget-container\">\n\t\t\t\t\t\t\t\t\t<p><b>PCHG Constru\u00e7\u00f5es, S. A.<\/b><\/p>\t\t\t\t\t\t\t\t<\/div>\n\t\t\t\t<\/div>\n\t\t\t\t\t<\/div>\n\t\t<\/div>\n\t\t\t\t<div class=\"elementor-column elementor-col-25 elementor-inner-column elementor-element elementor-element-875a5e0\" data-id=\"875a5e0\" data-element_type=\"column\" data-e-type=\"column\">\n\t\t\t<div class=\"elementor-widget-wrap elementor-element-populated\">\n\t\t\t\t\t\t<div class=\"elementor-element elementor-element-617b208 elementor-widget elementor-widget-text-editor\" data-id=\"617b208\" data-element_type=\"widget\" data-e-type=\"widget\" data-widget_type=\"text-editor.default\">\n\t\t\t\t<div class=\"elementor-widget-container\">\n\t\t\t\t\t\t\t\t\t<p>NIPC&nbsp;<b>510 048 706<\/b><br>Alvar\u00e1&nbsp;<b>68815<\/b><\/p>\t\t\t\t\t\t\t\t<\/div>\n\t\t\t\t<\/div>\n\t\t\t\t\t<\/div>\n\t\t<\/div>\n\t\t\t\t<div class=\"elementor-column elementor-col-25 elementor-inner-column elementor-element elementor-element-92d9ba1\" data-id=\"92d9ba1\" data-element_type=\"column\" data-e-type=\"column\">\n\t\t\t<div class=\"elementor-widget-wrap elementor-element-populated\">\n\t\t\t\t\t\t<div class=\"elementor-element elementor-element-33a9e3c elementor-widget elementor-widget-text-editor\" data-id=\"33a9e3c\" data-element_type=\"widget\" data-e-type=\"widget\" data-widget_type=\"text-editor.default\">\n\t\t\t\t<div class=\"elementor-widget-container\">\n\t\t\t\t\t\t\t\t\t<p><span style=\"letter-spacing: -0.27px; text-align: center;\">Av. Defensores de Chaves 18A<\/span><br style=\"letter-spacing: -0.27px; text-align: center;\" \/><span style=\"letter-spacing: -0.27px; text-align: center;\">1000-117 Lisboa<\/span><\/p>\t\t\t\t\t\t\t\t<\/div>\n\t\t\t\t<\/div>\n\t\t\t\t\t<\/div>\n\t\t<\/div>\n\t\t\t\t<div class=\"elementor-column elementor-col-25 elementor-inner-column elementor-element elementor-element-125902a\" data-id=\"125902a\" data-element_type=\"column\" data-e-type=\"column\">\n\t\t\t<div class=\"elementor-widget-wrap elementor-element-populated\">\n\t\t\t\t\t\t<div class=\"elementor-element elementor-element-f171969 elementor-widget elementor-widget-text-editor\" data-id=\"f171969\" data-element_type=\"widget\" data-e-type=\"widget\" data-widget_type=\"text-editor.default\">\n\t\t\t\t<div class=\"elementor-widget-container\">\n\t\t\t\t\t\t\t\t\t<p><span style=\"letter-spacing: -0.27px; text-align: center;\">Tel.\u00a0<\/span><span style=\"letter-spacing: -0.27px; text-align: center;\"><b>+351 218 409 242<\/b><br \/><\/span><span style=\"letter-spacing: -0.27px; text-align: center;\">email\u00a0<\/span><span style=\"letter-spacing: -0.27px; text-align: center;\"><a href=\"mailto:geral@pchg.pt\"><b>geral@pchg.pt<\/b><\/a><\/span><\/p>\t\t\t\t\t\t\t\t<\/div>\n\t\t\t\t<\/div>\n\t\t\t\t\t<\/div>\n\t\t<\/div>\n\t\t\t\t\t<\/div>\n\t\t<\/section>\n\t\t\t\t\t<\/div>\n\t\t<\/div>\n\t\t\t\t\t<\/div>\n\t\t<\/section>\n\t\t\t\t<\/div>\n\t\t\n","protected":false},"excerpt":{"rendered":"<p>PROJECTS We showcase a selection of our ongoing and completed projects for the public and private sector. Comprehensive remodeling Pra\u00e7a da Viscondessa dos Olivais Ongoing New residential building Queluz Ongoing Comprehensive remodeling Rua de Marvila 54 Lisbon, 2020 Exterior infrastructure and temporary facilities location, Navy pier Doca do Espanhol Lisbon, 2020 Muro das Namoradeiras reconstruction [&hellip;]<\/p>\n","protected":false},"author":82204371,"featured_media":0,"parent":0,"menu_order":0,"comment_status":"closed","ping_status":"closed","template":"elementor_canvas","meta":{"_coblocks_attr":"","_coblocks_dimensions":"","_coblocks_responsive_height":"","_coblocks_accordion_ie_support":"","_crdt_document":"","_starter_page_template":"","_wpcom_template_layout_category":[],"footnotes":""},"class_list":["post-1844","page","type-page","status-publish","hentry"],"translation":{"provider":"WPGlobus","version":"3.0.2","language":"en","enabled_languages":["pt","en","es","fr"],"languages":{"pt":{"title":true,"content":true,"excerpt":false},"en":{"title":true,"content":true,"excerpt":false},"es":{"title":true,"content":true,"excerpt":false},"fr":{"title":true,"content":true,"excerpt":false}}},"_links":{"self":[{"href":"https:\/\/pchg.pt\/en\/wp-json\/wp\/v2\/pages\/1844","targetHints":{"allow":["GET"]}}],"collection":[{"href":"https:\/\/pchg.pt\/en\/wp-json\/wp\/v2\/pages"}],"about":[{"href":"https:\/\/pchg.pt\/en\/wp-json\/wp\/v2\/types\/page"}],"author":[{"embeddable":true,"href":"https:\/\/pchg.pt\/en\/wp-json\/wp\/v2\/users\/82204371"}],"replies":[{"embeddable":true,"href":"https:\/\/pchg.pt\/en\/wp-json\/wp\/v2\/comments?post=1844"}],"version-history":[{"count":774,"href":"https:\/\/pchg.pt\/en\/wp-json\/wp\/v2\/pages\/1844\/revisions"}],"predecessor-version":[{"id":3694,"href":"https:\/\/pchg.pt\/en\/wp-json\/wp\/v2\/pages\/1844\/revisions\/3694"}],"wp:attachment":[{"href":"https:\/\/pchg.pt\/en\/wp-json\/wp\/v2\/media?parent=1844"}],"curies":[{"name":"wp","href":"https:\/\/api.w.org\/{rel}","templated":true}]}}